{"id":6,"date":"2025-03-25T12:42:09","date_gmt":"2025-03-25T12:42:09","guid":{"rendered":"https:\/\/rage.holdenmadagame.com\/?page_id=6"},"modified":"2025-11-13T15:56:07","modified_gmt":"2025-11-13T14:56:07","slug":"accessibility","status":"publish","type":"page","link":"https:\/\/ragesessions.com\/de\/accessibility\/","title":{"rendered":"Barrierefreiheit"},"content":{"rendered":"<p class=\"\"><em>This statement is to clarify any accessibility concerns that participants of a Rage Session might have. If there is anything that is not covered by this, or if you have a more specific question, please contact me by email or through the Telegram group.<\/em><\/p>\n\n\n\n<p class=\"\">Rage is for everyone, for all bodies and minds. You deserve to express your anger, whatever your ability. I will not tell you how to move or how to vocalize. I may suggest parts of your body or types of vocalization, but these are only to inspire you, not to prescribe it. <strong>All movements and vocalizations in rage sessions are driven by you.&nbsp;<\/strong><\/p>\n\n\n\n<div id=\"wp-block-themeisle-blocks-icon-list-ce7b650a\" class=\"wp-block-themeisle-blocks-icon-list\">\n<div id=\"wp-block-themeisle-blocks-icon-list-item-132da36b\" class=\"wp-block-themeisle-blocks-icon-list-item\"><i class=\"fas fa-angle-double-right wp-block-themeisle-blocks-icon-list-item-icon\"><\/i><p class=\"wp-block-themeisle-blocks-icon-list-item-content\">You can express rage while sitting in a chair, while lying on the floor.\u00a0<\/p><\/div>\n\n\n\n<div id=\"wp-block-themeisle-blocks-icon-list-item-be623d72\" class=\"wp-block-themeisle-blocks-icon-list-item\"><i class=\"fas fa-angle-double-right wp-block-themeisle-blocks-icon-list-item-icon\"><\/i><p class=\"wp-block-themeisle-blocks-icon-list-item-content\">You can express rage while screaming or while silent.\u00a0<\/p><\/div>\n\n\n\n<div id=\"wp-block-themeisle-blocks-icon-list-item-cebf428a\" class=\"wp-block-themeisle-blocks-icon-list-item\"><i class=\"fas fa-angle-double-right wp-block-themeisle-blocks-icon-list-item-icon\"><\/i><p class=\"wp-block-themeisle-blocks-icon-list-item-content\">You might express rage by being completely still, or by dancing.\u00a0<\/p><\/div>\n<\/div>\n\n\n\n<p class=\"\">What matters to me is that you engage authentically with your own experience, your own body, your own emotions, whatever that looks like for you.&nbsp;<\/p>\n\n\n\n<p class=\"\">I have held space for people with various disabilities, including multiple people with cerebral palsy, ADHD, autism, and a wheelchair user. My intention in naming this is to give you a sense that your disability needs are welcome here, and I will do my best to accommodate them. This is not always possible, and I appreciate your understanding and patience with this.<\/p>\n\n\n\n<p class=\"\">I answer a lot of actual questions I&#8217;ve gotten in <a href=\"https:\/\/ragesessions.com\/de\/faq\/\">the FAQ section<\/a>, and would like to make this as thorough as possible. If you have any questions not covered here or in the FAQ, please reach out and ask them. <\/p>\n\n\n\n<div class=\"wp-block-buttons is-content-justification-center is-layout-flex wp-container-core-buttons-is-layout-a89b3969 wp-block-buttons-is-layout-flex\">\n<div class=\"is-style-fill wp-block-button\"><a class=\"wp-block-button__link wp-element-button\" href=\"https:\/\/ragesessions.com\/de\/faq\/\"><strong>Go to FAQ<\/strong><\/a><\/div>\n<\/div>\n\n\n\n<div style=\"height:100px\" aria-hidden=\"true\" class=\"wp-block-spacer\"><\/div>\n\n\n\n<div id=\"wp-block-themeisle-blocks-advanced-columns-784450ff\" class=\"ticss-c00aadba wp-block-themeisle-blocks-advanced-columns alignfull has-1-columns has-desktop-equal-layout has-tablet-equal-layout has-mobile-collapsedRows-layout has-vertical-center\"><div class=\"wp-block-themeisle-blocks-advanced-columns-overlay\"><\/div><div class=\"innerblocks-wrap\">\n<div id=\"wp-block-themeisle-blocks-advanced-column-d0fbfc0a\" class=\"wp-block-themeisle-blocks-advanced-column\">\n<div id=\"wp-block-themeisle-blocks-advanced-columns-f32a2609\" class=\"wp-block-themeisle-blocks-advanced-columns has-1-columns has-desktop-equal-layout has-tablet-equal-layout has-mobile-equal-layout has-vertical-center\"><div class=\"wp-block-themeisle-blocks-advanced-columns-overlay\"><\/div><div class=\"innerblocks-wrap\">\n<div id=\"wp-block-themeisle-blocks-advanced-column-3567d86b\" class=\"wp-block-themeisle-blocks-advanced-column\">\n<h2 id=\"wp-block-themeisle-blocks-advanced-heading-d5f71f32\" class=\"wp-block-themeisle-blocks-advanced-heading wp-block-themeisle-blocks-advanced-heading-d5f71f32\">Aids Available During Sessions<\/h2>\n\n\n\n<p class=\"has-text-align-center\">These materials will be available for each session.<\/p>\n<\/div>\n<\/div><\/div>\n\n\n\n<div id=\"wp-block-themeisle-blocks-advanced-columns-8085ff1f\" class=\"wp-block-themeisle-blocks-advanced-columns has-3-columns has-desktop-equal-layout has-tablet-equal-layout has-mobile-collapsedRows-layout has-vertical-top\"><div class=\"wp-block-themeisle-blocks-advanced-columns-overlay\"><\/div><div class=\"innerblocks-wrap\">\n<div id=\"wp-block-themeisle-blocks-advanced-column-dfb15c39\" class=\"wp-block-themeisle-blocks-advanced-column\">\n<div id=\"wp-block-themeisle-blocks-font-awesome-icons-c5fd27f1\" class=\"wp-block-themeisle-blocks-font-awesome-icons\"><span class=\"wp-block-themeisle-blocks-font-awesome-icons-container\"><i class=\"fas fa-head-side-mask\"><\/i><\/span><\/div>\n\n\n\n<h3 id=\"wp-block-themeisle-blocks-advanced-heading-3147d135\" class=\"wp-block-themeisle-blocks-advanced-heading wp-block-themeisle-blocks-advanced-heading-3147d135\">COVID Schnelltests and Masks<\/h3>\n\n\n\n<p class=\"has-text-align-center\">Schnelltests will be taken before every session, and masks provided until the tests are confirmed negative. If you can take a test at home instead, it&#8217;s appreciated.<\/p>\n\n\n\n<div class=\"wp-block-buttons is-vertical is-content-justification-center is-layout-flex wp-container-core-buttons-is-layout-9f5e29b6 wp-block-buttons-is-layout-flex\">\n<div class=\"is-style-primary wp-block-button\"><a class=\"wp-block-button__link wp-element-button\"><strong>Get Started<\/strong><\/a><\/div>\n<\/div>\n<\/div>\n\n\n\n<div id=\"wp-block-themeisle-blocks-advanced-column-ec09b220\" class=\"ticss-ec09b220 wp-block-themeisle-blocks-advanced-column\">\n<div id=\"wp-block-themeisle-blocks-font-awesome-icons-1225333d\" class=\"wp-block-themeisle-blocks-font-awesome-icons\"><span class=\"wp-block-themeisle-blocks-font-awesome-icons-container\"><i class=\"fas fa-headphones-alt\"><\/i><\/span><\/div>\n\n\n\n<h3 id=\"wp-block-themeisle-blocks-advanced-heading-869a9c1f\" class=\"wp-block-themeisle-blocks-advanced-heading wp-block-themeisle-blocks-advanced-heading-869a9c1f\">Ear Protection<\/h3>\n\n\n\n<p class=\"has-text-align-center\">Soft disposable ear-plugs and 1 pair of over-ear protection are available for those who need it. If you know that you need over-ear protection in advance, try to bring your own. <\/p>\n\n\n\n<div class=\"wp-block-buttons is-vertical is-content-justification-center is-layout-flex wp-container-core-buttons-is-layout-9f5e29b6 wp-block-buttons-is-layout-flex\">\n<div class=\"is-style-primary wp-block-button\"><a class=\"wp-block-button__link wp-element-button\"><strong>Get Started<\/strong><\/a><\/div>\n<\/div>\n<\/div>\n\n\n\n<div id=\"wp-block-themeisle-blocks-advanced-column-adbc5601\" class=\"wp-block-themeisle-blocks-advanced-column\">\n<div id=\"wp-block-themeisle-blocks-font-awesome-icons-2851bd4e\" class=\"wp-block-themeisle-blocks-font-awesome-icons\"><span class=\"wp-block-themeisle-blocks-font-awesome-icons-container\"><i class=\"fas fa-chair\"><\/i><\/span><\/div>\n\n\n\n<h3 id=\"wp-block-themeisle-blocks-advanced-heading-bacc3ab4\" class=\"wp-block-themeisle-blocks-advanced-heading wp-block-themeisle-blocks-advanced-heading-bacc3ab4\">Comfy Stuff<\/h3>\n\n\n\n<p class=\"has-text-align-center\">Depending on location, there will be chairs, bean bags, pillows, and blankets available to use before, during, and after the session. Feel free to bring your own comforts with you.<\/p>\n\n\n\n<div class=\"wp-block-buttons is-vertical is-content-justification-center is-layout-flex wp-container-core-buttons-is-layout-9f5e29b6 wp-block-buttons-is-layout-flex\">\n<div class=\"is-style-primary wp-block-button\"><a class=\"wp-block-button__link wp-element-button\"><strong>Get Started<\/strong><\/a><\/div>\n<\/div>\n<\/div>\n<\/div><\/div>\n<\/div>\n<\/div><\/div>\n\n\n\n<div style=\"height:55px\" aria-hidden=\"true\" class=\"wp-block-spacer\"><\/div>\n\n\n\n<h2 class=\"wp-block-heading\">Venues<\/h2>\n\n\n\n<p class=\"\">We seek out venues that are as accessible as possible, my priorities being wheelchair accessibility and at least one gender-neutral toilet. This is not always possible, and it will be stated clearly what the accessibility of the space is. Regular venues will be listed below. <\/p>\n\n\n\n<div style=\"height:55px\" aria-hidden=\"true\" class=\"wp-block-spacer\"><\/div>\n\n\n\n<div id=\"wp-block-themeisle-blocks-advanced-columns-0756495c\" class=\"has-dark-bg wp-block-themeisle-blocks-advanced-columns alignfull has-2-columns has-desktop-twoOne-layout has-tablet-equal-layout has-mobile-collapsedRows-layout has-vertical-unset\"><div class=\"wp-block-themeisle-blocks-advanced-columns-overlay\"><\/div><div class=\"innerblocks-wrap\">\n<div id=\"wp-block-themeisle-blocks-advanced-column-6e902b2a\" class=\"has-dark-bg wp-block-themeisle-blocks-advanced-column\">\n<figure class=\"wp-block-image size-large has-custom-border\"><img data-opt-id=1163479248  fetchpriority=\"high\" data-recalc-dims=\"1\" decoding=\"async\" loading=\"lazy\" src=\"https:\/\/mlsi3cmr0nx6.i.optimole.com\/cb:RMdr.6d2\/w:auto\/h:auto\/q:mauto\/f:best\/https:\/\/i0.wp.com\/trommeln-in-berlin.de\/wordpress\/wp-content\/uploads\/2019\/12\/raum_d.jpg?ssl=1\" alt=\"\" style=\"border-style:none;border-width:0px;border-radius:0px\"\/><\/figure>\n\n\n\n<div id=\"wp-block-themeisle-blocks-advanced-columns-e37edc14\" class=\"wp-block-themeisle-blocks-advanced-columns has-1-columns has-desktop-equal-layout has-tablet-equal-layout has-mobile-equal-layout has-vertical-unset\"><div class=\"wp-block-themeisle-blocks-advanced-columns-overlay\"><\/div><div class=\"innerblocks-wrap\">\n<div id=\"wp-block-themeisle-blocks-advanced-column-7030cb7b\" class=\"wp-block-themeisle-blocks-advanced-column\">\n<h4 class=\"wp-block-heading has-base-color has-text-color has-link-color wp-elements-241a617b6ce206995710abe42aef124a\"><strong>groove &#8211; Zentrum f\u00fcr Percussion<\/strong><\/h4>\n\n\n\n<p class=\"\"><em>groove<\/em> is the main location and home for RAGE Sessions.<\/p>\n\n\n\n<p class=\"\">Here is the <a href=\"https:\/\/trommeln-in-berlin.de\/workshop\/rage-sessions\/\">Rage Session page on the <em>groove<\/em> website<\/a>, and <a href=\"https:\/\/trommeln-in-berlin.de\/teacher\/holden-madagame\/\">my teaching profile<\/a> on their website.<\/p>\n\n\n\n<p class=\"has-base-color has-text-color has-link-color wp-elements-27a348ea4673143ac59d73aeab2fb880\"><em>groove<\/em> is on the ground floor with a ramp to the entrance. There is a small ledge at the entrance to the caf\u00e9, less than 1 cm high. From the caf\u00e9 to Room A there is a short ramp that equalizes the height between the caf\u00e9 and Room A (this is because a dance floor has been installed in Room A). Both are easily accessible by wheelchair.<\/p>\n\n\n\n<p class=\"has-base-color has-text-color has-link-color wp-elements-5038d835ea526f794281c285446b77fd\">There is a gender-neutral disabled toilet in the caf\u00e9 and 2 small gendered toilets with stalls and urinals in the hall connecting the other studio rooms.<\/p>\n\n\n\n<div id=\"wp-block-themeisle-blocks-button-group-76e9c6d5\" class=\"wp-block-themeisle-blocks-button-group wp-block-buttons\">\n<div id=\"wp-block-themeisle-blocks-button-f89d8a6f\" class=\"wp-block-themeisle-blocks-button wp-block-button\"><a href=\"https:\/\/trommeln-in-berlin.de\/raeume-mieten\/unsere-raeume\/\" target=\"_self\" rel=\"noopener noreferrer\" class=\"wp-block-button__link\"><span><strong>More about groove<\/strong><\/span><\/a><\/div>\n<\/div>\n<\/div>\n<\/div><\/div>\n<\/div>\n\n\n\n<div id=\"wp-block-themeisle-blocks-advanced-column-33e99253\" class=\"has-dark-bg wp-block-themeisle-blocks-advanced-column\">\n<figure class=\"wp-block-image size-large has-custom-border\"><img data-opt-id=953783692  fetchpriority=\"high\" data-recalc-dims=\"1\" decoding=\"async\" loading=\"lazy\" src=\"https:\/\/mlsi3cmr0nx6.i.optimole.com\/cb:RMdr.6d2\/w:auto\/h:auto\/q:mauto\/f:best\/https:\/\/i0.wp.com\/studio2.iti-germany.de\/sites\/default\/files\/styles\/large\/public\/2022-01\/Studio_Leer.png?ssl=1\" alt=\"\" style=\"border-style:none;border-width:0px;border-radius:0px\"\/><\/figure>\n\n\n\n<div id=\"wp-block-themeisle-blocks-advanced-columns-ada2687f\" class=\"wp-block-themeisle-blocks-advanced-columns has-1-columns has-desktop-equal-layout has-tablet-equal-layout has-mobile-equal-layout has-vertical-unset\"><div class=\"wp-block-themeisle-blocks-advanced-columns-overlay\"><\/div><div class=\"innerblocks-wrap\">\n<div id=\"wp-block-themeisle-blocks-advanced-column-00013bfb\" class=\"wp-block-themeisle-blocks-advanced-column\">\n<h4 class=\"wp-block-heading has-base-color has-text-color has-link-color wp-elements-2da63f56c8a092afdcf43154796b01d6\"><strong>STUDIO 2<\/strong><\/h4>\n\n\n\n<p class=\"has-base-color has-text-color has-link-color wp-elements-2842a9b6a91e9c0725fe4d9d45a936c2\">The STUDIO2 of the International Theater Institute has limited barrier-free access. It is located on the second floor of Kunstquartier Bethanien in Berlin-Kreuzberg and can be used 24\/7. Wheelchairs of almost all sizes can enter the studio via a small threshold. The door is 200 cm high and 140 cm wide.<\/p>\n\n\n\n<p class=\"\">Unfortunately, the changing room and sanitary facilities in the studio are only 96 cm and 56 cm wide respectively. A barrier-free toilet is located on the first floor of Kunstquartier Bethanien. A shower is located on the second floor of the building and is not barrier-free.<\/p>\n\n\n\n<p class=\"has-base-color has-text-color has-link-color wp-elements-6d8a384c9959d4ece219e4597d6c267b\">An elevator to the door of the studio is available in the building on request and can be used to a limited extent for wheelchairs and people with restricted mobility. We will be happy to help you arrange this. The elevator has a door width of 116 cm, a total width of 148 cm, a length of 248 cm and a height of 220 cm.<\/p>\n\n\n\n<div id=\"wp-block-themeisle-blocks-button-group-6b71fbf3\" class=\"wp-block-themeisle-blocks-button-group wp-block-buttons\">\n<div id=\"wp-block-themeisle-blocks-button-42919de1\" class=\"wp-block-themeisle-blocks-button wp-block-button\"><a href=\"https:\/\/studio2.iti-germany.de\/de\" target=\"_self\" rel=\"noopener noreferrer\" class=\"wp-block-button__link\"><span><strong>More about STUDIO2<\/strong><\/span><\/a><\/div>\n<\/div>\n<\/div>\n<\/div><\/div>\n<\/div>\n<\/div><\/div>\n\n\n\n<div id=\"wp-block-themeisle-blocks-advanced-columns-2c60bc77\" class=\"ticss-c00aadba wp-block-themeisle-blocks-advanced-columns alignfull has-1-columns has-desktop-equal-layout has-tablet-equal-layout has-mobile-collapsedRows-layout has-reverse-columns-mobile has-vertical-center\"><div class=\"wp-block-themeisle-blocks-advanced-columns-overlay\"><\/div><div class=\"innerblocks-wrap\">\n<div id=\"wp-block-themeisle-blocks-advanced-column-75b9263d\" class=\"wp-block-themeisle-blocks-advanced-column\">\n<div style=\"height:100px\" aria-hidden=\"true\" class=\"wp-block-spacer\"><\/div>\n\n\n\n<h1 id=\"wp-block-themeisle-blocks-advanced-heading-5d5675df\" class=\"wp-block-themeisle-blocks-advanced-heading wp-block-themeisle-blocks-advanced-heading-5d5675df\"><strong>Have other accessibility needs or wishes?<\/strong><\/h1>\n\n\n\n<p id=\"wp-block-themeisle-blocks-advanced-heading-40ecd43d\" class=\"wp-block-themeisle-blocks-advanced-heading wp-block-themeisle-blocks-advanced-heading-40ecd43d\"><strong>Need more info?<\/strong><\/p>\n\n\n\n<div class=\"wp-block-buttons is-content-justification-center is-layout-flex wp-container-core-buttons-is-layout-a89b3969 wp-block-buttons-is-layout-flex\">\n<div class=\"is-style-primary wp-block-button\"><a class=\"wp-block-button__link wp-element-button\" href=\"https:\/\/ragesessions.com\/de\/faq\/\"><strong>Read the FAQ<\/strong><\/a><\/div>\n\n\n\n<div class=\"is-style-primary wp-block-button\"><a class=\"wp-block-button__link wp-element-button\" href=\"https:\/\/ragesessions.com\/de\/contact\/\"><strong>Contact us<\/strong><\/a><\/div>\n<\/div>\n\n\n\n<div style=\"height:100px\" aria-hidden=\"true\" class=\"wp-block-spacer\"><\/div>\n<\/div>\n<\/div><\/div>\n\n\n\n<p class=\"\"><\/p>","protected":false},"excerpt":{"rendered":"<p>This statement is to clarify any accessibility concerns that participants of a Rage Session might have. If there is anything that is not covered by this, or if you have [&hellip;]<\/p>\n","protected":false},"author":1,"featured_media":0,"parent":0,"menu_order":0,"comment_status":"closed","ping_status":"closed","template":"","meta":{"nf_dc_page":"","_price":"","_stock":"","_tribe_ticket_header":"","_tribe_default_ticket_provider":"","_tribe_ticket_capacity":"0","_ticket_start_date":"","_ticket_end_date":"","_tribe_ticket_show_description":"","_tribe_ticket_show_not_going":false,"_tribe_ticket_use_global_stock":"","_tribe_ticket_global_stock_level":"","_global_stock_mode":"","_global_stock_cap":"","_tribe_rsvp_for_event":"","_tribe_ticket_going_count":"","_tribe_ticket_not_going_count":"","_tribe_tickets_list":"[]","_tribe_ticket_has_attendee_info_fields":false,"_EventAllDay":false,"_EventTimezone":"","_EventStartDate":"","_EventEndDate":"","_EventStartDateUTC":"","_EventEndDateUTC":"","_EventShowMap":false,"_EventShowMapLink":false,"_EventURL":"","_EventCost":"","_EventCostDescription":"","_EventCurrencySymbol":"","_EventCurrencyCode":"","_EventCurrencyPosition":"","_EventDateTimeSeparator":"","_EventTimeRangeSeparator":"","_EventOrganizerID":[],"_EventVenueID":[],"_OrganizerEmail":"","_OrganizerPhone":"","_OrganizerWebsite":"","_VenueAddress":"","_VenueCity":"","_VenueCountry":"","_VenueProvince":"","_VenueState":"","_VenueZip":"","_VenuePhone":"","_VenueURL":"","_VenueStateProvince":"","_VenueLat":"","_VenueLng":"","_VenueShowMap":false,"_VenueShowMapLink":false,"_themeisle_gutenberg_block_has_review":false,"footnotes":"","_tec_slr_enabled":"","_tec_slr_layout":""},"class_list":["post-6","page","type-page","status-publish","hentry"],"yoast_head":"<!-- This site is optimized with the Yoast SEO plugin v27.5 - https:\/\/yoast.com\/product\/yoast-seo-wordpress\/ -->\n<title>Accessibility &#187; RAGE SESSIONS<\/title>\n<meta name=\"robots\" content=\"index, follow, max-snippet:-1, max-image-preview:large, max-video-preview:-1\" \/>\n<link rel=\"canonical\" href=\"https:\/\/ragesessions.com\/de\/accessibility\/\" \/>\n<meta property=\"og:locale\" content=\"de_DE\" \/>\n<meta property=\"og:type\" content=\"article\" \/>\n<meta property=\"og:title\" content=\"Accessibility &#187; RAGE SESSIONS\" \/>\n<meta property=\"og:description\" content=\"This statement is to clarify any accessibility concerns that participants of a Rage Session might have. If there is anything that is not covered by this, or if you have [&hellip;]\" \/>\n<meta property=\"og:url\" content=\"https:\/\/ragesessions.com\/de\/accessibility\/\" \/>\n<meta property=\"og:site_name\" content=\"RAGE SESSIONS\" \/>\n<meta property=\"article:modified_time\" content=\"2025-11-13T14:56:07+00:00\" \/>\n<meta property=\"og:image\" content=\"https:\/\/trommeln-in-berlin.de\/wordpress\/wp-content\/uploads\/2019\/12\/raum_d.jpg\" \/>\n<meta name=\"twitter:card\" content=\"summary_large_image\" \/>\n<meta name=\"twitter:label1\" content=\"Gesch\u00e4tzte Lesezeit\" \/>\n\t<meta name=\"twitter:data1\" content=\"4\u00a0Minuten\" \/>\n<script type=\"application\/ld+json\" class=\"yoast-schema-graph\">{\"@context\":\"https:\\\/\\\/schema.org\",\"@graph\":[{\"@type\":\"WebPage\",\"@id\":\"https:\\\/\\\/ragesessions.com\\\/accessibility\\\/\",\"url\":\"https:\\\/\\\/ragesessions.com\\\/accessibility\\\/\",\"name\":\"Accessibility &#187; RAGE SESSIONS\",\"isPartOf\":{\"@id\":\"https:\\\/\\\/rage.holdenmadagame.com\\\/#website\"},\"primaryImageOfPage\":{\"@id\":\"https:\\\/\\\/ragesessions.com\\\/accessibility\\\/#primaryimage\"},\"image\":{\"@id\":\"https:\\\/\\\/ragesessions.com\\\/accessibility\\\/#primaryimage\"},\"thumbnailUrl\":\"https:\\/\\/trommeln-in-berlin.de\\/wordpress\\/wp-content\\/uploads\\/2019\\/12\\/raum_d.jpg\",\"datePublished\":\"2025-03-25T12:42:09+00:00\",\"dateModified\":\"2025-11-13T14:56:07+00:00\",\"breadcrumb\":{\"@id\":\"https:\\\/\\\/ragesessions.com\\\/accessibility\\\/#breadcrumb\"},\"inLanguage\":\"de\",\"potentialAction\":[{\"@type\":\"ReadAction\",\"target\":[\"https:\\\/\\\/ragesessions.com\\\/accessibility\\\/\"]}]},{\"@type\":\"ImageObject\",\"inLanguage\":\"de\",\"@id\":\"https:\\\/\\\/ragesessions.com\\\/accessibility\\\/#primaryimage\",\"url\":\"https:\\/\\/trommeln-in-berlin.de\\/wordpress\\/wp-content\\/uploads\\/2019\\/12\\/raum_d.jpg\",\"contentUrl\":\"https:\\/\\/trommeln-in-berlin.de\\/wordpress\\/wp-content\\/uploads\\/2019\\/12\\/raum_d.jpg\"},{\"@type\":\"BreadcrumbList\",\"@id\":\"https:\\\/\\\/ragesessions.com\\\/accessibility\\\/#breadcrumb\",\"itemListElement\":[{\"@type\":\"ListItem\",\"position\":1,\"name\":\"Home\",\"item\":\"https:\\\/\\\/ragesessions.com\\\/\"},{\"@type\":\"ListItem\",\"position\":2,\"name\":\"Accessibility\"}]},{\"@type\":\"WebSite\",\"@id\":\"https:\\\/\\\/rage.holdenmadagame.com\\\/#website\",\"url\":\"https:\\\/\\\/rage.holdenmadagame.com\\\/\",\"name\":\"RAGE SESSIONS\",\"description\":\"Angry somatic movement and voice healing\",\"potentialAction\":[{\"@type\":\"SearchAction\",\"target\":{\"@type\":\"EntryPoint\",\"urlTemplate\":\"https:\\\/\\\/rage.holdenmadagame.com\\\/?s={search_term_string}\"},\"query-input\":{\"@type\":\"PropertyValueSpecification\",\"valueRequired\":true,\"valueName\":\"search_term_string\"}}],\"inLanguage\":\"de\"}]}<\/script>\n<!-- \/ Yoast SEO plugin. -->","yoast_head_json":{"title":"Accessibility &#187; RAGE SESSIONS","robots":{"index":"index","follow":"follow","max-snippet":"max-snippet:-1","max-image-preview":"max-image-preview:large","max-video-preview":"max-video-preview:-1"},"canonical":"https:\/\/ragesessions.com\/de\/accessibility\/","og_locale":"de_DE","og_type":"article","og_title":"Accessibility &#187; RAGE SESSIONS","og_description":"This statement is to clarify any accessibility concerns that participants of a Rage Session might have. If there is anything that is not covered by this, or if you have [&hellip;]","og_url":"https:\/\/ragesessions.com\/de\/accessibility\/","og_site_name":"RAGE SESSIONS","article_modified_time":"2025-11-13T14:56:07+00:00","og_image":[{"url":"https:\/\/trommeln-in-berlin.de\/wordpress\/wp-content\/uploads\/2019\/12\/raum_d.jpg","type":"","width":"","height":""}],"twitter_card":"summary_large_image","twitter_misc":{"Gesch\u00e4tzte Lesezeit":"4\u00a0Minuten"},"schema":{"@context":"https:\/\/schema.org","@graph":[{"@type":"WebPage","@id":"https:\/\/ragesessions.com\/accessibility\/","url":"https:\/\/ragesessions.com\/accessibility\/","name":"Accessibility &#187; RAGE SESSIONS","isPartOf":{"@id":"https:\/\/rage.holdenmadagame.com\/#website"},"primaryImageOfPage":{"@id":"https:\/\/ragesessions.com\/accessibility\/#primaryimage"},"image":{"@id":"https:\/\/ragesessions.com\/accessibility\/#primaryimage"},"thumbnailUrl":"https:\/\/trommeln-in-berlin.de\/wordpress\/wp-content\/uploads\/2019\/12\/raum_d.jpg","datePublished":"2025-03-25T12:42:09+00:00","dateModified":"2025-11-13T14:56:07+00:00","breadcrumb":{"@id":"https:\/\/ragesessions.com\/accessibility\/#breadcrumb"},"inLanguage":"de","potentialAction":[{"@type":"ReadAction","target":["https:\/\/ragesessions.com\/accessibility\/"]}]},{"@type":"ImageObject","inLanguage":"de","@id":"https:\/\/ragesessions.com\/accessibility\/#primaryimage","url":"https:\/\/trommeln-in-berlin.de\/wordpress\/wp-content\/uploads\/2019\/12\/raum_d.jpg","contentUrl":"https:\/\/trommeln-in-berlin.de\/wordpress\/wp-content\/uploads\/2019\/12\/raum_d.jpg"},{"@type":"BreadcrumbList","@id":"https:\/\/ragesessions.com\/accessibility\/#breadcrumb","itemListElement":[{"@type":"ListItem","position":1,"name":"Home","item":"https:\/\/ragesessions.com\/"},{"@type":"ListItem","position":2,"name":"Accessibility"}]},{"@type":"WebSite","@id":"https:\/\/rage.holdenmadagame.com\/#website","url":"https:\/\/rage.holdenmadagame.com\/","name":"RAGE SESSIONS","description":"Angry somatic movement and voice healing","potentialAction":[{"@type":"SearchAction","target":{"@type":"EntryPoint","urlTemplate":"https:\/\/rage.holdenmadagame.com\/?s={search_term_string}"},"query-input":{"@type":"PropertyValueSpecification","valueRequired":true,"valueName":"search_term_string"}}],"inLanguage":"de"}]}},"jetpack_sharing_enabled":true,"ticketed":false,"_links":{"self":[{"href":"https:\/\/ragesessions.com\/de\/wp-json\/wp\/v2\/pages\/6","targetHints":{"allow":["GET"]}}],"collection":[{"href":"https:\/\/ragesessions.com\/de\/wp-json\/wp\/v2\/pages"}],"about":[{"href":"https:\/\/ragesessions.com\/de\/wp-json\/wp\/v2\/types\/page"}],"author":[{"embeddable":true,"href":"https:\/\/ragesessions.com\/de\/wp-json\/wp\/v2\/users\/1"}],"replies":[{"embeddable":true,"href":"https:\/\/ragesessions.com\/de\/wp-json\/wp\/v2\/comments?post=6"}],"version-history":[{"count":4,"href":"https:\/\/ragesessions.com\/de\/wp-json\/wp\/v2\/pages\/6\/revisions"}],"predecessor-version":[{"id":674,"href":"https:\/\/ragesessions.com\/de\/wp-json\/wp\/v2\/pages\/6\/revisions\/674"}],"wp:attachment":[{"href":"https:\/\/ragesessions.com\/de\/wp-json\/wp\/v2\/media?parent=6"}],"curies":[{"name":"wp","href":"https:\/\/api.w.org\/{rel}","templated":true}]}}